{"id":6,"date":"2026-01-26T19:53:53","date_gmt":"2026-01-26T19:53:53","guid":{"rendered":"https:\/\/gallegodigital.com\/?page_id=6"},"modified":"2026-01-27T20:08:36","modified_gmt":"2026-01-27T20:08:36","slug":"calculadora-de-interes-compuesto-descubre-cuanto-puede-crecer-tu-capital","status":"publish","type":"page","link":"https:\/\/gallegodigital.com\/index.php\/calculadora-de-interes-compuesto-descubre-cuanto-puede-crecer-tu-capital\/","title":{"rendered":"Calculadora de Inter\u00e9s Compuesto: descubre cu\u00e1nto puede crecer tu capital"},"content":{"rendered":"\n<p>Utiliza nuestra calculadora de inter\u00e9s compuesto y simula c\u00f3mo puede crecer tu capital en USDC aplicando reinversi\u00f3n autom\u00e1tica por ciclos. Visualiza tu ganancia potencial y entiende el poder del inter\u00e9s compuesto en el tiempo. Tu capital siempre disponible para retirar.<\/p>\n\n\n\n<div class=\"ic-wrap\">\n  <h2>Calculadora de Inter\u00e9s Compuesto<\/h2>\n  <p class=\"ic-sub\">Simula tu crecimiento aplicando reinversi\u00f3n autom\u00e1tica por ciclos seg\u00fan el plan elegido.<\/p>\n\n  <div class=\"ic-grid\">\n    <label>\n      Monto inicial (USDC)\n      <input id=\"ic_principal\" type=\"number\" min=\"0\" step=\"0.01\" value=\"300\" \/>\n    <\/label>\n\n    <label>\n      Selecciona tu plan\n      <select id=\"ic_plan\">\n        <option value=\"0.005\" data-days=\"1\">Plan 1 d\u00eda (0.5%)<\/option>\n        <option value=\"0.03\" data-days=\"5\">Plan 5 d\u00edas (3%)<\/option>\n        <option value=\"0.07\" data-days=\"10\">Plan 10 d\u00edas (7%)<\/option>\n        <option value=\"0.18\" data-days=\"20\" selected>Plan 20 d\u00edas (18%)<\/option>\n      <\/select>\n    <\/label>\n\n    <label>\n      N\u00famero de ciclos\n      <input id=\"ic_cycles\" type=\"number\" min=\"1\" step=\"1\" value=\"5\" \/>\n    <\/label>\n  <\/div>\n\n  <button class=\"ic-btn\" id=\"ic_calc\" type=\"button\">Calcular<\/button>\n\n  <div class=\"ic-results\" id=\"ic_results\" style=\"display:none;\">\n    <div class=\"ic-cards\">\n      <div class=\"ic-card\">\n        <div class=\"ic-k\">Capital final<\/div>\n        <div class=\"ic-v\" id=\"ic_final\"><\/div>\n      <\/div>\n      <div class=\"ic-card\">\n        <div class=\"ic-k\">Ganancia total<\/div>\n        <div class=\"ic-v\" id=\"ic_profit\"><\/div>\n      <\/div>\n      <div class=\"ic-card\">\n        <div class=\"ic-k\">Ciclos aplicados<\/div>\n        <div class=\"ic-v\" id=\"ic_cycles_used\"><\/div>\n      <\/div>\n      <div class=\"ic-card\">\n        <div class=\"ic-k\">D\u00edas aplicados<\/div>\n        <div class=\"ic-v\" id=\"ic_days_used\"><\/div>\n      <\/div>\n    <\/div>\n\n    <details class=\"ic-details\">\n      <summary>Ver detalle por ciclo<\/summary>\n      <div class=\"ic-tablewrap\">\n        <table class=\"ic-table\" id=\"ic_table\">\n          <thead>\n            <tr>\n              <th>Ciclo<\/th>\n              <th>Inicio<\/th>\n              <th>Profit<\/th>\n              <th>Nuevo capital<\/th>\n            <\/tr>\n          <\/thead>\n          <tbody><\/tbody>\n        <\/table>\n      <\/div>\n    <\/details>\n\n    <p class=\"ic-note\">Su capital siempre disponible para retirar.<\/p>\n  <\/div>\n<\/div>\n\n<style>\n  .ic-wrap{\n    max-width:820px;\n    margin:18px auto;\n    padding:18px;\n    border:1px solid #e5e7eb;\n    border-radius:14px;\n    font-family:system-ui,-apple-system,Segoe UI,Roboto,Arial;\n    background:#fff;\n  }\n  .ic-sub{margin-top:6px;color:#4b5563;font-size:14px}\n\n  .ic-grid{\n    display:grid;\n    grid-template-columns:repeat(2,minmax(0,1fr));\n    gap:12px;\n    margin:14px 0;\n  }\n  label{\n    display:flex;\n    flex-direction:column;\n    gap:6px;\n    font-size:14px;\n    color:#111827;\n  }\n  input,select{\n    padding:10px;\n    border:1px solid #d1d5db;\n    border-radius:10px;\n    font-size:14px;\n    background:#fff;\n  }\n\n  .ic-btn{\n    padding:11px 14px;\n    border:0;\n    border-radius:10px;\n    background:#111827;\n    color:#fff;\n    font-size:14px;\n    cursor:pointer;\n    width:100%;\n  }\n  .ic-btn:hover{opacity:.92}\n\n  .ic-results{margin-top:14px}\n\n  .ic-cards{\n    display:grid;\n    grid-template-columns:repeat(4,minmax(0,1fr));\n    gap:10px;\n  }\n  .ic-card{\n    padding:12px;\n    border:1px solid #e5e7eb;\n    border-radius:12px;\n    background:#fff;\n    text-align:center;\n  }\n  .ic-k{font-size:12px;color:#6b7280}\n  .ic-v{font-size:18px;font-weight:700;color:#111827;margin-top:4px}\n\n  .ic-details{margin-top:12px}\n\n  \/* \u2705 Tabla compacta (menos espacio entre columnas) *\/\n  .ic-tablewrap{\n    overflow-x:auto;\n    -webkit-overflow-scrolling:touch;\n    margin-top:10px;\n    border:1px solid #e5e7eb;\n    border-radius:12px;\n  }\n  .ic-table{\n    width:100%;\n    border-collapse:collapse;\n    font-size:13px;\n    background:#fff;\n  }\n  .ic-table th,.ic-table td{\n    padding:8px 8px;                 \/* \u2193 compacto *\/\n    border-bottom:1px solid #e5e7eb;\n    text-align:right;\n    white-space:nowrap;\n  }\n  .ic-table th:first-child,.ic-table td:first-child{\n    text-align:left;\n    padding-left:10px;\n  }\n\n  .ic-note{\n    margin-top:10px;\n    font-size:12px;\n    color:#6b7280;\n    text-align:center;\n  }\n\n  \/* \u2705 Responsive *\/\n  @media (max-width:680px){\n    .ic-grid{grid-template-columns:1fr}\n    .ic-cards{grid-template-columns:1fr}\n\n    \/* a\u00fan m\u00e1s compacto en m\u00f3vil *\/\n    .ic-table{font-size:11.5px}\n    .ic-table th,.ic-table td{padding:6px 6px}\n  }\n<\/style>\n\n<script>\n  const $ = (id) => document.getElementById(id);\n\n  \/\/ \u2705 Solo signo $ antes del n\u00famero (sin USD\/US)\n  function fmt(n){\n    const num = Number(n);\n    if (!Number.isFinite(num)) return \"$0.00\";\n    const formatted = num.toLocaleString(\"es-ES\", {\n      minimumFractionDigits: 2,\n      maximumFractionDigits: 2\n    });\n    return \"$\" + formatted;\n  }\n\n  function clampInt(n, min){\n    n = Math.floor(Number(n));\n    if (!Number.isFinite(n) || n < min) return min;\n    return n;\n  }\n\n  function getPlan(){\n    const opt = $(\"ic_plan\").selectedOptions[0];\n    return {\n      days: Number(opt.dataset.days),\n      rate: Number(opt.value)\n    };\n  }\n\n  function calc(){\n    const principal = Number($(\"ic_principal\").value);\n    const cycles = clampInt($(\"ic_cycles\").value, 1);\n    const plan = getPlan();\n\n    if(!Number.isFinite(principal) || principal <= 0){\n      alert(\"Ingresa un monto inicial mayor a 0.\");\n      return;\n    }\n\n    let capital = principal;\n    const tbody = $(\"ic_table\").querySelector(\"tbody\");\n    tbody.innerHTML = \"\";\n\n    for(let i=1; i<=cycles; i++){\n      const start = capital;\n      const profit = start * plan.rate;\n      const end = start + profit;\n      capital = end;\n\n      const tr = document.createElement(\"tr\");\n      tr.innerHTML = `\n        <td>${i}<\/td>\n        <td>${fmt(start)}<\/td>\n        <td>${fmt(profit)}<\/td>\n        <td>${fmt(end)}<\/td>\n      `;\n      tbody.appendChild(tr);\n    }\n\n    $(\"ic_final\").textContent = fmt(capital);\n    $(\"ic_profit\").textContent = fmt(capital - principal);\n    $(\"ic_cycles_used\").textContent = cycles;\n    $(\"ic_days_used\").textContent = (cycles * plan.days) + \" d\u00edas\";\n\n    $(\"ic_results\").style.display = \"block\";\n  }\n\n  $(\"ic_calc\").addEventListener(\"click\", calc);\n<\/script>\n\n\n\n\n<h3 class=\"wp-block-heading\"><strong>Una oportunidad real y verificable<\/strong><\/h3>\n\n\n\n<p>Hoy existen oportunidades en el mundo digital que son completamente transparentes y verificables en blockchain. No se trata de promesas, sino de entender c\u00f3mo funcionan los sistemas, c\u00f3mo se generan los rendimientos y c\u00f3mo puedes participar de forma consciente y responsable.<\/p>\n\n\n\n<p>Si te interesa conocer m\u00e1s sobre este proyecto y c\u00f3mo aplicamos estas estrategias en la pr\u00e1ctica, te invitamos a informarte, analizar y tomar tu propia decisi\u00f3n. Las mejores oportunidades no se persiguen, se entienden. Ver el video de presentaci\u00f3n:<\/p>\n\n\n\n<p>\ud83d\ude80 La Tecnolog\u00eda que Est\u00e1 Transformando los Ingresos Digitales en 2026 | Conferencia Especial:<\/p>\n\n\n\n<p>\ud83d\udc49 <a href=\"https:\/\/youtu.be\/KrDiHUPLuHk?si=M0TUOugfPuB8rrxS\"><strong>https:\/\/youtu.be\/KrDiHUPLuHk?si=M0TUOugfPuB8rrxS<\/strong><\/a><\/p>\n\n\n\n<p><\/p>\n\n\n\n<p>Visita nuestro sitio web oficial para que est\u00e9s enterado de todo lo que hacemos!<\/p>\n\n\n\n<p><strong>\ud83d\udc49 Sitio Web : <a href=\"https:\/\/equipoelitepremier.com\/\">https:\/\/equipoelitepremier.com\/<\/a><\/strong><\/p>\n\n\n\n<p><\/p>\n\n\n\n<h2 class=\"wp-block-heading\">\ud83d\udce1 Sigue nuestras conferencias en vivo<\/h2>\n\n\n\n<p>Adem\u00e1s del canal de monitoreo, realizamos <strong>conferencias y transmisiones en vivo<\/strong> donde explicamos en profundidad:<\/p>\n\n\n\n<ul class=\"wp-block-list\">\n<li>c\u00f3mo funciona el modelo del proyecto,<\/li>\n\n\n\n<li>c\u00f3mo interact\u00faa con DeFi y Uniswap,<\/li>\n\n\n\n<li>c\u00f3mo se realizan los aportes paso a paso,<\/li>\n\n\n\n<li>y c\u00f3mo interpretar correctamente la informaci\u00f3n on-chain.<\/li>\n<\/ul>\n\n\n\n<p>Estas sesiones son ideales tanto para personas nuevas como para quienes quieren comprender el sistema a nivel m\u00e1s t\u00e9cnico y estrat\u00e9gico.<\/p>\n\n\n\n<p>Puedes verlas en nuestras plataformas oficiales:<\/p>\n\n\n\n<p>\ud83d\udc49 <strong>Fan Page de Facebook (en vivo y grabaciones):<\/strong><br><a href=\"https:\/\/www.facebook.com\/teamelitepremier\/\"><strong>https:\/\/www.facebook.com\/teamelitepremier\/<\/strong><\/a><\/p>\n\n\n\n<p>\ud83d\udc49 <strong>Canal de YouTube (conferencias completas en vivo y grabaciones):<\/strong><br><a href=\"https:\/\/www.youtube.com\/@EquipoElitePremier\"><strong>https:\/\/www.youtube.com\/@EquipoElitePremier<\/strong><\/a><\/p>\n\n\n\n<p>All\u00ed compartimos contenido educativo, demostraciones en tiempo real y an\u00e1lisis que te ayudar\u00e1n a entender no solo este proyecto, sino el funcionamiento real del mundo DeFi.<\/p>\n\n\n\n<hr class=\"wp-block-separator has-alpha-channel-opacity\"\/>\n\n\n\n<h3 class=\"wp-block-heading\"><em>\u201cLa informaci\u00f3n est\u00e1 disponible. La transparencia est\u00e1 activa.<br>El conocimiento es lo \u00fanico que marca la diferencia.\u201d<\/em><\/h3>\n\n\n\n<hr class=\"wp-block-separator has-alpha-channel-opacity\"\/>\n\n\n\n<hr class=\"wp-block-separator has-alpha-channel-opacity\"\/>\n\n\n\n<p>\u26a0\ufe0f Contenido educativo. No es asesor\u00eda financiera.<\/p>\n\n\n\n<p><strong>Descargo de Responsabilidad<\/strong><\/p>\n\n\n\n<p>Nada de lo expresado en este art\u00edculo o videos o cualquier medio de comunicaci\u00f3n debe tomarse como consejo, recomendaci\u00f3n de inversi\u00f3n o se\u00f1al de compra y\/o venta.<\/p>\n\n\n\n<p>No soy asesor ni consultor financiero y no he sido contratado para brindar asesor\u00eda.<\/p>\n\n\n\n<p>Los activos criptogr\u00e1ficos son productos complejos que requieren conocimiento y preparaci\u00f3n.<\/p>\n\n\n\n<p>Cualquier decisi\u00f3n que tomes es bajo tu total y absoluta responsabilidad. No asumo responsabilidad por el uso que hagas de esta informaci\u00f3n.<\/p>\n\n\n\n<p>Este contenido tiene fines ilustrativos y educativos. Siempre realiza tu propia investigaci\u00f3n.<\/p>\n\n\n\n<p>\ud83d\ude09 Que tengas un lindo d\u00eda! \ud83d\udc4d<\/p>\n","protected":false},"excerpt":{"rendered":"<p>Utiliza nuestra calculadora de inter\u00e9s compuesto y simula c\u00f3mo puede crecer tu capital en USDC aplicando reinversi\u00f3n autom\u00e1tica por ciclos. Visualiza tu ganancia potencial y entiende el poder del inter\u00e9s compuesto en el tiempo. Tu capital siempre disponible para retirar. Calculadora de Inter\u00e9s Compuesto Simula tu crecimiento aplicando reinversi\u00f3n autom\u00e1tica por ciclos seg\u00fan el plan [&hellip;]<\/p>\n","protected":false},"author":1,"featured_media":8,"parent":0,"menu_order":0,"comment_status":"closed","ping_status":"closed","template":"","meta":{"footnotes":""},"class_list":["post-6","page","type-page","status-publish","has-post-thumbnail","hentry"],"_links":{"self":[{"href":"https:\/\/gallegodigital.com\/index.php\/wp-json\/wp\/v2\/pages\/6","targetHints":{"allow":["GET"]}}],"collection":[{"href":"https:\/\/gallegodigital.com\/index.php\/wp-json\/wp\/v2\/pages"}],"about":[{"href":"https:\/\/gallegodigital.com\/index.php\/wp-json\/wp\/v2\/types\/page"}],"author":[{"embeddable":true,"href":"https:\/\/gallegodigital.com\/index.php\/wp-json\/wp\/v2\/users\/1"}],"replies":[{"embeddable":true,"href":"https:\/\/gallegodigital.com\/index.php\/wp-json\/wp\/v2\/comments?post=6"}],"version-history":[{"count":11,"href":"https:\/\/gallegodigital.com\/index.php\/wp-json\/wp\/v2\/pages\/6\/revisions"}],"predecessor-version":[{"id":27,"href":"https:\/\/gallegodigital.com\/index.php\/wp-json\/wp\/v2\/pages\/6\/revisions\/27"}],"wp:featuredmedia":[{"embeddable":true,"href":"https:\/\/gallegodigital.com\/index.php\/wp-json\/wp\/v2\/media\/8"}],"wp:attachment":[{"href":"https:\/\/gallegodigital.com\/index.php\/wp-json\/wp\/v2\/media?parent=6"}],"curies":[{"name":"wp","href":"https:\/\/api.w.org\/{rel}","templated":true}]}}